{"id":556,"date":"2025-06-15T11:42:07","date_gmt":"2025-06-15T11:42:07","guid":{"rendered":"https:\/\/testonly.online\/fida\/?page_id=556"},"modified":"2025-08-03T23:07:23","modified_gmt":"2025-08-03T23:07:23","slug":"%d8%a3%d8%ae%d8%a8%d8%a7%d8%b1-%d9%88%d9%85%d8%b3%d8%aa%d8%ac%d8%af%d8%a7%d8%aa","status":"publish","type":"page","link":"https:\/\/rootsandwingscharity.com\/de\/%d8%a3%d8%ae%d8%a8%d8%a7%d8%b1-%d9%88%d9%85%d8%b3%d8%aa%d8%ac%d8%af%d8%a7%d8%aa\/","title":{"rendered":"Neuigkeiten &amp; Aktuelles"},"content":{"rendered":"<div data-elementor-type=\"wp-page\" data-elementor-id=\"556\" class=\"elementor elementor-556\" data-elementor-post-type=\"page\">\n\t\t\t\t<div class=\"elementor-element elementor-element-d874299 e-con-full e-flex e-con e-parent\" data-id=\"d874299\" data-element_type=\"container\" data-settings=\"{&quot;background_background&quot;:&quot;classic&quot;}\">\n\t\t<div class=\"elementor-element elementor-element-a17f707 e-con-full blur-curve-container blur e-flex e-con e-child\" data-id=\"a17f707\" data-element_type=\"container\" data-settings=\"{&quot;background_background&quot;:&quot;classic&quot;,&quot;background_motion_fx_motion_fx_scrolling&quot;:&quot;yes&quot;,&quot;background_motion_fx_devices&quot;:[&quot;desktop&quot;,&quot;tablet&quot;,&quot;mobile&quot;]}\">\n\t\t\t\t<div class=\"elementor-element elementor-element-0fd37ae elementor-widget__width-inherit elementor-invisible elementor-widget elementor-widget-heading\" data-id=\"0fd37ae\" data-element_type=\"widget\" data-settings=\"{&quot;_animation&quot;:&quot;fadeInDown&quot;}\" data-widget_type=\"heading.default\">\n\t\t\t\t<div class=\"elementor-widget-container\">\n\t\t\t\t\t<h2 class=\"elementor-heading-title elementor-size-default\">Neuigkeiten &amp; Aktuelles<\/h2>\t\t\t\t<\/div>\n\t\t\t\t<\/div>\n\t\t\t\t<div class=\"elementor-element elementor-element-458b47d elementor-widget__width-initial elementor-widget-mobile__width-inherit elementor-widget elementor-widget-text-editor\" data-id=\"458b47d\" data-element_type=\"widget\" data-widget_type=\"text-editor.default\">\n\t\t\t\t<div class=\"elementor-widget-container\">\n\t\t\t\t\t\t\t\t\t<p data-start=\"248\" data-end=\"686\">Wir informieren \u00fcber Neuigkeiten von Wurzeln &amp; Fl\u00fcgel, dringende Hilfskampagnen, neue Partnerschaften und Fortschritte in humanit\u00e4ren Programmen in Fl\u00fcchtlingsl\u00e4ndern und dar\u00fcber hinaus. Wir halten unser Publikum \u00fcber Hintergrundarbeit auf dem Laufenden und teilen wichtige Meilensteine auf unserem Weg \u2013 basierend auf Transparenz, Vertrauen und echter Verbundenheit mit allen Beteiligten dieser edlen Arbeit.<\/p>\t\t\t\t\t\t\t\t<\/div>\n\t\t\t\t<\/div>\n\t\t\t\t<\/div>\n\t\t<div class=\"elementor-element elementor-element-3df974e e-con-full e-flex e-con e-child\" data-id=\"3df974e\" data-element_type=\"container\">\n\t\t\t\t<\/div>\n\t\t\t\t<\/div>\n\t\t<div class=\"elementor-element elementor-element-b8b499e e-flex e-con-boxed e-con e-parent\" data-id=\"b8b499e\" data-element_type=\"container\">\n\t\t\t\t\t<div class=\"e-con-inner\">\n\t\t\t\t<div class=\"elementor-element elementor-element-02388c6 elementor-grid-3 elementor-grid-tablet-2 elementor-grid-mobile-1 elementor-widget elementor-widget-loop-grid\" data-id=\"02388c6\" data-element_type=\"widget\" data-settings=\"{&quot;template_id&quot;:2435,&quot;_skin&quot;:&quot;post&quot;,&quot;columns&quot;:&quot;3&quot;,&quot;columns_tablet&quot;:&quot;2&quot;,&quot;columns_mobile&quot;:&quot;1&quot;,&quot;edit_handle_selector&quot;:&quot;[data-elementor-type=\\&quot;loop-item\\&quot;]&quot;,&quot;row_gap&quot;:{&quot;unit&quot;:&quot;px&quot;,&quot;size&quot;:&quot;&quot;,&quot;sizes&quot;:[]},&quot;row_gap_tablet&quot;:{&quot;unit&quot;:&quot;px&quot;,&quot;size&quot;:&quot;&quot;,&quot;sizes&quot;:[]},&quot;row_gap_mobile&quot;:{&quot;unit&quot;:&quot;px&quot;,&quot;size&quot;:&quot;&quot;,&quot;sizes&quot;:[]}}\" data-widget_type=\"loop-grid.post\">\n\t\t\t\t<div class=\"elementor-widget-container\">\n\t\t\t\t\t\t\t<div class=\"e-loop-nothing-found-message\">\n\t\t<\/div>\n\t\t\t\t\t\t<\/div>\n\t\t\t\t<\/div>\n\t\t\t\t\t<\/div>\n\t\t\t\t<\/div>\n\t\t\t\t<\/div>","protected":false},"excerpt":{"rendered":"<p>\u0623\u062e\u0628\u0627\u0631 \u0648\u0645\u0633\u062a\u062c\u062f\u0627\u062a \u0641\u064a \u0647\u0630\u0647 \u0627\u0644\u0645\u0633\u0627\u062d\u0629 \u0646\u0648\u0627\u0641\u064a\u0643\u0645 \u0628\u0622\u062e\u0631 \u0627\u0644\u0623\u062e\u0628\u0627\u0631 \u0648\u0627\u0644\u062a\u062d\u062f\u064a\u062b\u0627\u062a \u062d\u0648\u0644 \u0623\u0646\u0634\u0637\u0629 \u062c\u0645\u0639\u064a\u0629 \u062c\u0630\u0648\u0631 \u0648\u0623\u062c\u0646\u062d\u0629\u060c \u0645\u0646 \u062d\u0645\u0644\u0627\u062a \u0625\u063a\u0627\u062b\u064a\u0629 \u0639\u0627\u062c\u0644\u0629\u060c \u0648\u0634\u0631\u0627\u0643\u0627\u062a \u062c\u062f\u064a\u062f\u0629\u060c [&hellip;]<\/p>","protected":false},"author":1,"featured_media":0,"parent":0,"menu_order":0,"comment_status":"closed","ping_status":"closed","template":"","meta":{"site-sidebar-layout":"default","site-content-layout":"","ast-site-content-layout":"default","site-content-style":"default","site-sidebar-style":"default","ast-global-header-display":"","ast-banner-title-visibility":"","ast-main-header-display":"","ast-hfb-above-header-display":"","ast-hfb-below-header-display":"","ast-hfb-mobile-header-display":"","site-post-title":"","ast-breadcrumbs-content":"","ast-featured-img":"","footer-sml-layout":"","ast-disable-related-posts":"","theme-transparent-header-meta":"","adv-header-id-meta":"","stick-header-meta":"","header-above-stick-meta":"","header-main-stick-meta":"","header-below-stick-meta":"","astra-migrate-meta-layouts":"default","ast-page-background-enabled":"default","ast-page-background-meta":{"desktop":{"background-color":"var(--ast-global-color-5)","background-image":"","background-repeat":"repeat","background-position":"center center","background-size":"auto","background-attachment":"scroll","background-type":"","background-media":"","overlay-type":"","overlay-color":"","overlay-opacity":"","overlay-gradient":""},"tablet":{"background-color":"","background-image":"","background-repeat":"repeat","background-position":"center center","background-size":"auto","background-attachment":"scroll","background-type":"","background-media":"","overlay-type":"","overlay-color":"","overlay-opacity":"","overlay-gradient":""},"mobile":{"background-color":"","background-image":"","background-repeat":"repeat","background-position":"center center","background-size":"auto","background-attachment":"scroll","background-type":"","background-media":"","overlay-type":"","overlay-color":"","overlay-opacity":"","overlay-gradient":""}},"ast-content-background-meta":{"desktop":{"background-color":"var(--ast-global-color-4)","background-image":"","background-repeat":"repeat","background-position":"center center","background-size":"auto","background-attachment":"scroll","background-type":"","background-media":"","overlay-type":"","overlay-color":"","overlay-opacity":"","overlay-gradient":""},"tablet":{"background-color":"var(--ast-global-color-4)","background-image":"","background-repeat":"repeat","background-position":"center center","background-size":"auto","background-attachment":"scroll","background-type":"","background-media":"","overlay-type":"","overlay-color":"","overlay-opacity":"","overlay-gradient":""},"mobile":{"background-color":"var(--ast-global-color-4)","background-image":"","background-repeat":"repeat","background-position":"center center","background-size":"auto","background-attachment":"scroll","background-type":"","background-media":"","overlay-type":"","overlay-color":"","overlay-opacity":"","overlay-gradient":""}},"_jf_limit_responses":"","footnotes":""},"class_list":["post-556","page","type-page","status-publish","hentry"],"_links":{"self":[{"href":"https:\/\/rootsandwingscharity.com\/de\/wp-json\/wp\/v2\/pages\/556","targetHints":{"allow":["GET"]}}],"collection":[{"href":"https:\/\/rootsandwingscharity.com\/de\/wp-json\/wp\/v2\/pages"}],"about":[{"href":"https:\/\/rootsandwingscharity.com\/de\/wp-json\/wp\/v2\/types\/page"}],"author":[{"embeddable":true,"href":"https:\/\/rootsandwingscharity.com\/de\/wp-json\/wp\/v2\/users\/1"}],"replies":[{"embeddable":true,"href":"https:\/\/rootsandwingscharity.com\/de\/wp-json\/wp\/v2\/comments?post=556"}],"version-history":[{"count":156,"href":"https:\/\/rootsandwingscharity.com\/de\/wp-json\/wp\/v2\/pages\/556\/revisions"}],"predecessor-version":[{"id":4449,"href":"https:\/\/rootsandwingscharity.com\/de\/wp-json\/wp\/v2\/pages\/556\/revisions\/4449"}],"wp:attachment":[{"href":"https:\/\/rootsandwingscharity.com\/de\/wp-json\/wp\/v2\/media?parent=556"}],"curies":[{"name":"wp","href":"https:\/\/api.w.org\/{rel}","templated":true}]}}